{"id":18,"date":"2023-10-05T20:40:32","date_gmt":"2023-10-05T20:40:32","guid":{"rendered":"https:\/\/vinoleo.es\/?page_id=18"},"modified":"2026-04-24T16:28:30","modified_gmt":"2026-04-24T16:28:30","slug":"18-2","status":"publish","type":"page","link":"https:\/\/vinoleo.es\/","title":{"rendered":""},"content":{"rendered":"<p>Un dise\u00f1o, una marca, una etiqueta, un naming, un packaging, es mucho m\u00e1s de lo que se ve. Es el resultado de horas de estudio, de trabajo, de desarrollo, de conversaciones, de confianza&#8230; esa es nuestra prioridad. Por eso no mostramos nuestros trabajos, ni mockups ni im\u00e1genes generadas con IA que te puedan confundir. Cada trabajo es personalizado para llegar a la meta de un cliente y de un producto, que no tiene por qu\u00e9 ser la tuya. No queremos contaminarte. Queremos que nos conozcas y que hablemos.<\/p>\n<h4>QUIENES HAN CONFIADO EN NOSOTROS<\/h4>\n<p>HEINEKEN, ARRIOS, HEREDERO, FINCA ENGALIA, ZULOAGA, PUNTO GLACIAL, AGUILAR&amp;SONS, RHUBARB GINER, VIOLET GINER, LOS CONFITES, BODEGAS EL PROGRESO,\u00a0 BODEGA QUINTA DE AVES, COOPERATIVA EL PROGRESO, AZARE\u00d1O, JIJONES, ALDABA, VI\u00d1A X\u00c9TAR, HUERTOS DE PALACIO, MEDIANILES, OLIRRUBIA, LUK BEER, CERVEZA CALATRAVA, TOLETVM, VIRGEN DE LAS VI\u00d1AS.<\/p>\n<h4>QU\u00c9 HACEMOS<\/h4>\n<p>Somos un estudio especializado en marca. Creamos tu marca de inicio a fin. Naming, logotipo, manual de marca, etiquetas, packaging, publicidad, cat\u00e1logos, stands &#8230; y te damos un servicio integral de web, dise\u00f1o gr\u00e1fico on-line, fotograf\u00eda, video &#8230;\u00a0 somos un estudio 360\u00ba\u00a0<\/p>\n<p>Estamos en Madrid y trabajamos para toda Espa\u00f1a.<\/p>\n<p><img loading=\"lazy\" decoding=\"async\" class=\"alignnone wp-image-95\" src=\"https:\/\/vinoleo.es\/wp-content\/uploads\/2026\/04\/VINOLEO-1-150x150.png\" alt=\"\" width=\"80\" height=\"80\" srcset=\"https:\/\/vinoleo.es\/wp-content\/uploads\/2026\/04\/VINOLEO-1-150x150.png 150w, https:\/\/vinoleo.es\/wp-content\/uploads\/2026\/04\/VINOLEO-1-300x300.png 300w, https:\/\/vinoleo.es\/wp-content\/uploads\/2026\/04\/VINOLEO-1-100x100.png 100w, https:\/\/vinoleo.es\/wp-content\/uploads\/2026\/04\/VINOLEO-1.png 600w\" sizes=\"auto, (max-width: 80px) 100vw, 80px\" \/><\/p>\n<p>Avenida de Europa 32<br \/>Aravaca-Madrid<br \/><a href=\"tel:0034606208444\">+34 606 208 444<\/a><br \/><a href=\"mailto:varios@mandalae.com\">luis@vinoleo.es<\/a><\/p>\n<p>Somos parte de: <a href=\"https:\/\/mandalae.com\">mandalae.com<\/a><\/p>\n\n\n<p><\/p>\n","protected":false},"excerpt":{"rendered":"<p>Un dise\u00f1o, una marca, una etiqueta, un naming, un packaging, es mucho m\u00e1s de lo que se ve. Es el resultado de horas de estudio, de trabajo, de desarrollo, de conversaciones, de confianza&#8230; esa es nuestra prioridad. Por eso no mostramos nuestros trabajos, ni mockups ni im\u00e1genes generadas con IA que te puedan confundir. Cada &hellip; <\/p>\n<p class=\"link-more\"><a href=\"https:\/\/vinoleo.es\/\" class=\"more-link\">Continuar leyendo<span class=\"screen-reader-text\"> \u00ab\u00bb<\/span><\/a><\/p>\n","protected":false},"author":2,"featured_media":0,"parent":0,"menu_order":0,"comment_status":"closed","ping_status":"closed","template":"","meta":{"footnotes":""},"class_list":["post-18","page","type-page","status-publish","hentry"],"_links":{"self":[{"href":"https:\/\/vinoleo.es\/index.php?rest_route=\/wp\/v2\/pages\/18","targetHints":{"allow":["GET"]}}],"collection":[{"href":"https:\/\/vinoleo.es\/index.php?rest_route=\/wp\/v2\/pages"}],"about":[{"href":"https:\/\/vinoleo.es\/index.php?rest_route=\/wp\/v2\/types\/page"}],"author":[{"embeddable":true,"href":"https:\/\/vinoleo.es\/index.php?rest_route=\/wp\/v2\/users\/2"}],"replies":[{"embeddable":true,"href":"https:\/\/vinoleo.es\/index.php?rest_route=%2Fwp%2Fv2%2Fcomments&post=18"}],"version-history":[{"count":14,"href":"https:\/\/vinoleo.es\/index.php?rest_route=\/wp\/v2\/pages\/18\/revisions"}],"predecessor-version":[{"id":117,"href":"https:\/\/vinoleo.es\/index.php?rest_route=\/wp\/v2\/pages\/18\/revisions\/117"}],"wp:attachment":[{"href":"https:\/\/vinoleo.es\/index.php?rest_route=%2Fwp%2Fv2%2Fmedia&parent=18"}],"curies":[{"name":"wp","href":"https:\/\/api.w.org\/{rel}","templated":true}]}}